{"id":3120,"date":"2022-05-05T20:33:19","date_gmt":"2022-05-05T20:33:19","guid":{"rendered":"https:\/\/amiti.org.mx\/?page_id=3120"},"modified":"2025-01-21T22:08:36","modified_gmt":"2025-01-21T22:08:36","slug":"aviso-de-privacidad","status":"publish","type":"page","link":"https:\/\/amiti.org.mx\/en\/aviso-de-privacidad\/","title":{"rendered":"Notice of Privacy"},"content":{"rendered":"<style>.elementor-3120 .elementor-element.elementor-element-0b7cd19 > .elementor-container{max-width:1100px;min-height:65vh;}.elementor-3120 .elementor-element.elementor-element-0b7cd19:not(.elementor-motion-effects-element-type-background), .elementor-3120 .elementor-element.elementor-element-0b7cd19 > .elementor-motion-effects-container > .elementor-motion-effects-layer{background-color:transparent;background-image:linear-gradient(140deg, var( --e-global-color-primary ) 60%, var( --e-global-color-secondary ) 38%);}.elementor-3120 .elementor-element.elementor-element-0b7cd19 > .elementor-background-overlay{opacity:0.5;transition:background 0.3s, border-radius 0.3s, opacity 0.3s;}.elementor-3120 .elementor-element.elementor-element-0b7cd19{transition:background 0.3s, border 0.3s, border-radius 0.3s, box-shadow 0.3s;margin-top:-267px;margin-bottom:0px;padding:0px 0px 0px 0px;}.elementor-3120 .elementor-element.elementor-element-0b7cd19.elementor-section::before{content:\"\";width:100%;height:100%;position:absolute;left:0;top:0;-webkit-backdrop-filter:blur(0px);backdrop-filter:blur(0px);border-radius:inherit;background-color:inherit;}.elementor-bc-flex-widget .elementor-3120 .elementor-element.elementor-element-69f81ab.elementor-column .elementor-widget-wrap{align-items:center;}.elementor-3120 .elementor-element.elementor-element-69f81ab.elementor-column.elementor-element[data-element_type=\"column\"] > .elementor-widget-wrap.elementor-element-populated{align-content:center;align-items:center;}.elementor-3120 .elementor-element.elementor-element-e4976f0{text-align:start;}.elementor-3120 .elementor-element.elementor-element-e4976f0 .elementor-heading-title{font-family:\"Saira\";font-size:62px;font-weight:600;color:var( --e-global-color-9fd06f3 );}.elementor-3120 .elementor-element.elementor-element-e4976f0 > .elementor-widget-container{margin:0rem 0rem 0rem 0rem;}.elementor-3120 .elementor-element.elementor-element-815ccaf{padding:2em 0em 3em 0em;}.elementor-3120 .elementor-element.elementor-element-cb0c713{font-family:\"DM Sans\";font-size:16px;font-weight:400;}:root{--page-title-display:none;}@media(max-width:1024px){.elementor-3120 .elementor-element.elementor-element-0b7cd19{margin-top:-120px;margin-bottom:0px;}.elementor-3120 .elementor-element.elementor-element-69f81ab > .elementor-element-populated{margin:0px 0px 0px 10px;--e-column-margin-right:0px;--e-column-margin-left:10px;}.elementor-3120 .elementor-element.elementor-element-e4976f0 .elementor-heading-title{font-size:56px;}}@media(max-width:767px){.elementor-3120 .elementor-element.elementor-element-0b7cd19 > .elementor-container{min-height:35vh;}.elementor-3120 .elementor-element.elementor-element-0b7cd19{padding:150px 0px 0px 0px;}.elementor-3120 .elementor-element.elementor-element-69f81ab.elementor-column > .elementor-widget-wrap{justify-content:center;}.elementor-3120 .elementor-element.elementor-element-69f81ab > .elementor-element-populated{margin:0px 5px 20px 5px;--e-column-margin-right:5px;--e-column-margin-left:5px;}.elementor-3120 .elementor-element.elementor-element-e4976f0{text-align:center;}.elementor-3120 .elementor-element.elementor-element-e4976f0 .elementor-heading-title{font-size:42px;}}@media(min-width:768px){.elementor-3120 .elementor-element.elementor-element-69f81ab{width:67.058%;}.elementor-3120 .elementor-element.elementor-element-aa562e3{width:32.942%;}}@media(max-width:1024px) and (min-width:768px){.elementor-3120 .elementor-element.elementor-element-aa562e3{width:20%;}}<\/style>\t\t<div data-elementor-type=\"wp-page\" data-elementor-id=\"3120\" class=\"elementor elementor-3120\" data-elementor-post-type=\"page\">\n\t\t\t\t\t\t<section class=\"elementor-section elementor-top-section elementor-element elementor-element-0b7cd19 elementor-section-height-min-height elementor-section-items-bottom elementor-section-boxed elementor-section-height-default\" data-id=\"0b7cd19\" data-element_type=\"section\" data-e-type=\"section\" data-settings=\"{&quot;background_background&quot;:&quot;gradient&quot;,&quot;jet_parallax_layout_list&quot;:[]}\">\n\t\t\t\t\t\t\t<div class=\"elementor-background-overlay\"><\/div>\n\t\t\t\t\t\t\t<div class=\"elementor-container elementor-column-gap-default\">\n\t\t\t\t\t<div class=\"elementor-column elementor-col-50 elementor-top-column elementor-element elementor-element-69f81ab\" data-id=\"69f81ab\" data-element_type=\"column\" data-e-type=\"column\">\n\t\t\t<div class=\"elementor-widget-wrap elementor-element-populated\">\n\t\t\t\t\t\t<div class=\"elementor-element elementor-element-e4976f0 elementor-widget elementor-widget-heading\" data-id=\"e4976f0\" data-element_type=\"widget\" data-e-type=\"widget\" data-widget_type=\"heading.default\">\n\t\t\t\t<div class=\"elementor-widget-container\">\n\t\t\t\t\t<h1 class=\"elementor-heading-title elementor-size-default\">Aviso de Privacidad<\/h1>\t\t\t\t<\/div>\n\t\t\t\t<\/div>\n\t\t\t\t\t<\/div>\n\t\t<\/div>\n\t\t\t\t<div class=\"elementor-column elementor-col-50 elementor-top-column elementor-element elementor-element-aa562e3 elementor-hidden-tablet elementor-hidden-phone\" data-id=\"aa562e3\" data-element_type=\"column\" data-e-type=\"column\">\n\t\t\t<div class=\"elementor-widget-wrap\">\n\t\t\t\t\t\t\t<\/div>\n\t\t<\/div>\n\t\t\t\t\t<\/div>\n\t\t<\/section>\n\t\t\t\t<section class=\"elementor-section elementor-top-section elementor-element elementor-element-815ccaf elementor-section-boxed elementor-section-height-default elementor-section-height-default\" data-id=\"815ccaf\" data-element_type=\"section\" data-e-type=\"section\" data-settings=\"{&quot;jet_parallax_layout_list&quot;:[]}\">\n\t\t\t\t\t\t<div class=\"elementor-container elementor-column-gap-default\">\n\t\t\t\t\t<div class=\"elementor-column elementor-col-100 elementor-top-column elementor-element elementor-element-8294f9c\" data-id=\"8294f9c\" data-element_type=\"column\" data-e-type=\"column\">\n\t\t\t<div class=\"elementor-widget-wrap elementor-element-populated\">\n\t\t\t\t\t\t<div class=\"elementor-element elementor-element-cb0c713 elementor-widget elementor-widget-text-editor\" data-id=\"cb0c713\" data-element_type=\"widget\" data-e-type=\"widget\" data-widget_type=\"text-editor.default\">\n\t\t\t\t<div class=\"elementor-widget-container\">\n\t\t\t\t\t\t\t\t\t<p>\u00daltima actualizaci\u00f3n: 21 de Enero de 2025<\/p><p>La Asociaci\u00f3n Mexicana de la Industria de Tecnolog\u00edas de Informaci\u00f3n, A.C. (AMITI) con domicilio en Paseo de la Reforma 284 , Piso 17, OF 01, Col. Ju\u00e1rez, Alcald\u00eda Cuauht\u00e9moc, Ciudad de M\u00e9xico, C.P. 06600, (en adelante \u201cAMITI\u201d), reconoce la importancia que tiene el tratamiento leg\u00edtimo, controlado e informado de los datos personales de sus afiliados y usuarios de nuestro sitio web, plataformas, correos electr\u00f3nicos, programa de c\u00f3mputo, formulario &nbsp;o cualquier otro medio electr\u00f3nico propiedad, tengo el uso leg\u00edtimo o sea licenciatario AMITI (en adelante, conjuntamente \u201cmedios electr\u00f3nicos\u201d,&nbsp; seg\u00fan corresponda), y pone a su disposici\u00f3n el presente Aviso de Privacidad, a fin de que conozca sus pr\u00e1cticas al obtener, usar, almacenar y, en general, tratar sus datos personales, de conformidad con la Ley Federal de Protecci\u00f3n de Datos Personales en Posesi\u00f3n de los Particulares y dem\u00e1s normatividad aplicable (en adelante \u201cla Ley\u201d).<\/p>\n<p><u>DATOS PERSONALES QUE RECABAMOS<\/u><\/p>\n<p>Usted puede navegar por nuestros medios electr\u00f3nicos sin proporcionar datos personales, sin embargo, existen determinadas secciones dentro de los mismos en donde puede proporcionar voluntariamente sus datos. Sus datos pueden ser recabados en diferentes situaciones, por ejemplo, cuando decide enviarnos un correo electr\u00f3nico, al registrarse para ingresar a <a href=\"http:\/\/www.amiti.org.mx\">www.amiti.org.mx<\/a> &nbsp;o contactarnos por la misma v\u00eda, registrarse para recibir informaci\u00f3n de inter\u00e9s o a nuestro bolet\u00edn informativo, as\u00ed como aquellos que nos proporcione con miras al establecimiento de una relaci\u00f3n jur\u00eddica, por ejemplo, cuando decide afiliarse a la AMITI. Los datos personales que podemos recabar pertenecen a las siguientes categor\u00edas:<\/p>\n<ul>\n<li>Datos de identificaci\u00f3n: nombre, domicilio particular, fecha de nacimiento, n\u00famero de tel\u00e9fono fijo y\/o m\u00f3vil, correo electr\u00f3nico, imagen, biograf\u00eda profesional y redes sociales.<\/li>\n<\/ul>\n<p>En caso de recolectar datos personales sensibles, Usted firmar\u00e1 un Aviso de Privacidad aplicable para dichos datos.<\/p>\n<p><u>MENORES E INCAPACES<\/u><\/p>\n<p>AMITI es una asociaci\u00f3n sin fines de lucro comprometida con la privacidad de los menores e incapaces; por ello, no recabamos intencionalmente ni tratamos datos personales de menores e incapaces cuando no se cuenta con el consentimiento expreso de sus padres, tutores o representantes legales. Si Usted es padre, tutor o representante legal de un menor o incapaz y sabe que nos ha proporcionado datos personales sin su consentimiento, podr\u00e1 solicitar que los mismos sean cancelados a la siguiente direcci\u00f3n de correo electr\u00f3nico <a href=\"mailto:aguerrero@amiti.org.mx\">aguerrero@amiti.org.mx<\/a> .<\/p>\n<p><u>FINALIDADES Y\/O USOS DE LOS DATOS PERSONALES<\/u><\/p>\n<p>Podemos utilizar sus datos personales para diversas finalidades, dependiendo de las circunstancias particulares en las que se recaban, siempre obedeciendo a la relaci\u00f3n que tengamos con Usted y al aviso de privacidad espec\u00edfico que, en su caso, se haya puesto a su disposici\u00f3n.<\/p>\n<p>Finalidades necesarias cuando Usted:<\/p>\n<ul>\n<li>Visita nuestras instalaciones:<\/li>\n<li>Para controlar el acceso y mantener la seguridad en nuestras instalaciones.<\/li>\n<li>Para comprobar su identidad.<\/li>\n<li>Se pone en contacto con nosotros:<\/li>\n<li>Para dar contestaci\u00f3n a sus dudas y comentarios.<\/li>\n<li>Establecer una relaci\u00f3n jur\u00eddica.<\/li>\n<li>Para mantenernos en contacto con Usted.<\/li>\n<li>Cuando se afilia a la membres\u00eda de AMITI<\/li>\n<li>Permitirle el acceso a su perfil y a las caracter\u00edsticas del sitio desarrolladas exclusivamente para usuarios y\/o afiliados.<\/li>\n<li>Enviarle un correo o mensaje confirmando su registro.<\/li>\n<\/ul>\n<p>&nbsp;En general:<\/p>\n<ul>\n<li>Responder a sus comentarios, consultas y\/o proporcionarle la informaci\u00f3n que solicite.<\/li>\n<li>Proteger o defender los derechos y propiedad de AMITI, as\u00ed como su informaci\u00f3n confidencial.<\/li>\n<li>Mantener la seguridad de nuestro sitio web, de nuestros usuarios y\/o afiliados.<\/li>\n<\/ul>\n<p>Sus datos tambi\u00e9n podr\u00e1n ser utilizados para las siguientes finalidades secundarias, siempre que otorgue su consentimiento:<\/p>\n<ul>\n<li>Para enviarle informaci\u00f3n que consideramos de su inter\u00e9s.<\/li>\n<li>Podr\u00e1 darse de baja de recibir informaci\u00f3n por parte de AMITI y nuestros correos informativos haciendo click en la opci\u00f3n que se proveer\u00e1 para tal fin en cada comunicaci\u00f3n que reciba. <a href=\"https:\/\/visitor.constantcontact.com\/do?p=un&amp;m=001vu_syyiXEkXZHZ4xCTqNEQ%3D&amp;ch=d8187b50-76da-11e6-8edb-d4ae528ed502&amp;ca=7274800f-a932-4369-9076-173664177ead\">Cancelar suscripci\u00f3n<\/a><\/li>\n<\/ul>\n<p><u>USO DE TECNOLOG\u00cdAS DE SEGUIMIENTO<\/u><\/p>\n<p>Cuando usted navega en nuestro sitio web se recaba cierta informaci\u00f3n no personal por medio de \u201ccookies\u201d y de los \u201cregistros del servidor\u201d u otro medio. La obtenci\u00f3n de esta informaci\u00f3n se da por el simple uso e interacci\u00f3n con nuestro sitio de Internet y la informaci\u00f3n que se recaba puede consistir en direcciones de Protocolo de Internet, su sistema operativo, tipo de navegador, entre otros.<\/p>\n<p>Estos datos se recaban \u00fanicamente con los siguientes prop\u00f3sitos: generar estad\u00edsticas relativas a las visitas a nuestro sitio web, al tiempo que pasa en el mismo, y los sitios de referencia que puedan haberle tra\u00eddo al nuestro. Esta informaci\u00f3n tambi\u00e9n se utiliza para mantener y actualizar los perfiles de los usuarios y para adecuar o personalizar la informaci\u00f3n que se proporciona por este medio.<\/p>\n<p>Es posible deshabilitar estas tecnolog\u00edas de seguimiento en todo tipo de buscadores; sin embargo, para ejemplificar se se\u00f1alan a continuaci\u00f3n los pasos que hay que seguir para deshabilitarlas en Google Chrome: Ir al men\u00fa \u201cHerramientas\u201d; dar clic en \u201cborrar datos de navegaci\u00f3n\u201d, seleccionar la opci\u00f3n \u201celiminar cookies y otros datos de sitios y de complementos\u201d, dar clic en \u201caceptar\u201d. Al deshabilitar o bloquear estos mecanismos se puede ocasionar que nuestro sitio no funcione correctamente. Para saber m\u00e1s sobre el tema, consulte http:\/\/www.allaboutcookies.org\/es\/.<\/p>\n<p><\/p>\n<p><u>TRANSFERENCIAS DE DATOS PERSONALES<\/u><\/p>\n<p>AMITI podr\u00e1 transferir sus datos personales a terceros con los que mantenga una relaci\u00f3n jur\u00eddica, \u00fanicamente con el fin de cumplir con las finalidades descritas en el Aviso de Privacidad y en los casos espec\u00edficamente previstos en la Ley.<\/p>\n<p><u>MEDIDAS DE SEGURIDAD<\/u><\/p>\n<p>AMITI ha adoptado y mantiene las medidas de seguridad, administrativas, t\u00e9cnicas y f\u00edsicas, necesarias y a su alcance para proteger los datos personales contra da\u00f1o, p\u00e9rdida, alteraci\u00f3n, destrucci\u00f3n o el uso, acceso o tratamiento no autorizado.<\/p>\n<p><u>DERECHOS CON RESPECTO A SUS DATOS PERSONALES<\/u><\/p>\n<p>Como titular de datos personales, usted puede ejercitar ante el Responsable de Datos Personales de AMITI, los derechos de acceso, rectificaci\u00f3n, cancelaci\u00f3n y oposici\u00f3n (derechos \u201cARCO\u201d). Asimismo, puede revocar, en todo momento, el consentimiento que haya otorgado y que fuere necesario para el tratamiento de sus datos, as\u00ed como limitar el uso o divulgaci\u00f3n de los mismos.<\/p>\n<p>Lo anterior, a trav\u00e9s del env\u00edo de su solicitud en los t\u00e9rminos establecidos por la Ley al correo electr\u00f3nico: <a href=\"mailto:aguerrero@amiti.org.mx\">aguerrero@amiti.org.mx<\/a> o al domicilio especificado en el primer p\u00e1rrafo del presente.<\/p>\n<p>Para su f\u00e1cil referencia, se describen brevemente los derechos ARCO:<\/p>\n<p>Acceso.\u2013 que se le informe cu\u00e1les de sus datos personales est\u00e1n contenidos en las bases de datos de AMITI, para qu\u00e9 se utilizan dichos datos personales, el origen y las comunicaciones que se hayan realizado con los mismos y, en general, las condiciones y generalidades del tratamiento.<\/p>\n<p>Rectificaci\u00f3n.- que se corrijan o actualicen sus datos personales en caso de que sean inexactos o incompletos.<\/p>\n<p>Cancelaci\u00f3n .- que se eliminen sus datos personales de los archivos, registros, sistemas y bases de datos cuando sea procedente.<\/p>\n<p>Oposici\u00f3n.- oponerse por causa leg\u00edtima al tratamiento de sus datos personales.<\/p>\n<p>Si desea conocer los requisitos y procedimientos para el ejercicio de derechos ARCO, le pedimos contacte a la Responsable de la Protecci\u00f3n de Datos es Sof\u00eda P\u00e9rez Gasque Muslera, Directora General de AMITI al correo <a href=\"mailto:sperezgasque@amiti.org.mx\">sperezgasque@amiti.org.mx<\/a> .<\/p>\n<p><u>CAMBIOS AL AVISO DE PRIVACIDAD<\/u><\/p>\n<p>Los cambios sustanciales en el presente Aviso de Privacidad le ser\u00e1n comunicados a trav\u00e9s de nuestro sitio web <a href=\"http:\/\/www.amiti.org.mx\">www.amiti.org.mx<\/a><\/p>\n<p><u>CONTACTO<\/u><\/p>\n<p>En caso de tener dudas o comentarios respecto al Aviso de Privacidad, le pedimos contacte a la encargada de Protecci\u00f3n de Datos Personales de AMITI, Aurea Guerrero Mej\u00eda a trav\u00e9s de la siguiente direcci\u00f3n de correo electr\u00f3nico <a href=\"mailto:aguerrero@amiti.org.mx\">aguerrero@amiti.org.mx<\/a>.<\/p>\n<p><\/p>\n<p><u>CONSENTIMIENTO<\/u><\/p>\n<p>Cuando usted visita nuestro sitio web o p\u00e1ginas relacionadas o rellena cualquier formulario o cuestionario en cualesquier aplicaci\u00f3n o programa de c\u00f3mputo, nos provee de sus datos personales o interact\u00faa con nuestros servicios como asociaci\u00f3n, nos da su consentimiento para el tratamiento de datos personales, de acuerdo con los t\u00e9rminos de este Aviso de Privacidad.<\/p>\t\t\t\t\t\t\t\t<\/div>\n\t\t\t\t<\/div>\n\t\t\t\t\t<\/div>\n\t\t<\/div>\n\t\t\t\t\t<\/div>\n\t\t<\/section>\n\t\t\t\t<\/div>\n\t\t","protected":false},"excerpt":{"rendered":"<p>Aviso de Privacidad \u00daltima actualizaci\u00f3n: 21 de Enero de 2025 La Asociaci\u00f3n Mexicana de la Industria de Tecnolog\u00edas de Informaci\u00f3n, A.C. (AMITI) con domicilio en Paseo de la Reforma 284 , Piso 17, OF 01, Col. Ju\u00e1rez, Alcald\u00eda Cuauht\u00e9moc, Ciudad de M\u00e9xico, C.P. 06600, (en adelante \u201cAMITI\u201d), reconoce la importancia que tiene el tratamiento leg\u00edtimo, [&hellip;]<\/p>\n","protected":false},"author":2,"featured_media":0,"parent":0,"menu_order":0,"comment_status":"closed","ping_status":"closed","template":"","meta":{"footnotes":""},"class_list":["post-3120","page","type-page","status-publish","hentry"],"yoast_head":"<!-- This site is optimized with the Yoast SEO plugin v27.3 - https:\/\/yoast.com\/product\/yoast-seo-wordpress\/ -->\n<title>Aviso de Privacidad - AMITI<\/title>\n<meta name=\"robots\" content=\"index, follow, max-snippet:-1, max-image-preview:large, max-video-preview:-1\" \/>\n<link rel=\"canonical\" href=\"https:\/\/amiti.org.mx\/en\/aviso-de-privacidad\/\" \/>\n<meta property=\"og:locale\" content=\"en_US\" \/>\n<meta property=\"og:type\" content=\"article\" \/>\n<meta property=\"og:title\" content=\"Aviso de Privacidad - AMITI\" \/>\n<meta property=\"og:description\" content=\"Aviso de Privacidad \u00daltima actualizaci\u00f3n: 21 de Enero de 2025 La Asociaci\u00f3n Mexicana de la Industria de Tecnolog\u00edas de Informaci\u00f3n, A.C. (AMITI) con domicilio en Paseo de la Reforma 284 , Piso 17, OF 01, Col. Ju\u00e1rez, Alcald\u00eda Cuauht\u00e9moc, Ciudad de M\u00e9xico, C.P. 06600, (en adelante \u201cAMITI\u201d), reconoce la importancia que tiene el tratamiento leg\u00edtimo, [&hellip;]\" \/>\n<meta property=\"og:url\" content=\"https:\/\/amiti.org.mx\/en\/aviso-de-privacidad\/\" \/>\n<meta property=\"og:site_name\" content=\"AMITI\" \/>\n<meta property=\"article:publisher\" content=\"https:\/\/www.facebook.com\/AMITIMex\/?locale=es_LA\" \/>\n<meta property=\"article:modified_time\" content=\"2025-01-21T22:08:36+00:00\" \/>\n<meta name=\"twitter:card\" content=\"summary_large_image\" \/>\n<meta name=\"twitter:site\" content=\"@AMITI_Mex\" \/>\n<meta name=\"twitter:label1\" content=\"Est. reading time\" \/>\n\t<meta name=\"twitter:data1\" content=\"7 minutes\" \/>\n<script type=\"application\/ld+json\" class=\"yoast-schema-graph\">{\"@context\":\"https:\\\/\\\/schema.org\",\"@graph\":[{\"@type\":\"WebPage\",\"@id\":\"https:\\\/\\\/amiti.org.mx\\\/aviso-de-privacidad\\\/\",\"url\":\"https:\\\/\\\/amiti.org.mx\\\/aviso-de-privacidad\\\/\",\"name\":\"Aviso de Privacidad - AMITI\",\"isPartOf\":{\"@id\":\"https:\\\/\\\/amiti.org.mx\\\/#website\"},\"datePublished\":\"2022-05-05T20:33:19+00:00\",\"dateModified\":\"2025-01-21T22:08:36+00:00\",\"breadcrumb\":{\"@id\":\"https:\\\/\\\/amiti.org.mx\\\/aviso-de-privacidad\\\/#breadcrumb\"},\"inLanguage\":\"en-US\",\"potentialAction\":[{\"@type\":\"ReadAction\",\"target\":[\"https:\\\/\\\/amiti.org.mx\\\/aviso-de-privacidad\\\/\"]}]},{\"@type\":\"BreadcrumbList\",\"@id\":\"https:\\\/\\\/amiti.org.mx\\\/aviso-de-privacidad\\\/#breadcrumb\",\"itemListElement\":[{\"@type\":\"ListItem\",\"position\":1,\"name\":\"Portada\",\"item\":\"https:\\\/\\\/amiti.org.mx\\\/\"},{\"@type\":\"ListItem\",\"position\":2,\"name\":\"Aviso de Privacidad\"}]},{\"@type\":\"WebSite\",\"@id\":\"https:\\\/\\\/amiti.org.mx\\\/#website\",\"url\":\"https:\\\/\\\/amiti.org.mx\\\/\",\"name\":\"AMITI\",\"description\":\"Mejores empresas TI para M\u00e9xico\",\"publisher\":{\"@id\":\"https:\\\/\\\/amiti.org.mx\\\/#organization\"},\"potentialAction\":[{\"@type\":\"SearchAction\",\"target\":{\"@type\":\"EntryPoint\",\"urlTemplate\":\"https:\\\/\\\/amiti.org.mx\\\/?s={search_term_string}\"},\"query-input\":{\"@type\":\"PropertyValueSpecification\",\"valueRequired\":true,\"valueName\":\"search_term_string\"}}],\"inLanguage\":\"en-US\"},{\"@type\":\"Organization\",\"@id\":\"https:\\\/\\\/amiti.org.mx\\\/#organization\",\"name\":\"AMITI\",\"url\":\"https:\\\/\\\/amiti.org.mx\\\/\",\"logo\":{\"@type\":\"ImageObject\",\"inLanguage\":\"en-US\",\"@id\":\"https:\\\/\\\/amiti.org.mx\\\/#\\\/schema\\\/logo\\\/image\\\/\",\"url\":\"https:\\\/\\\/amiti.org.mx\\\/wp-content\\\/uploads\\\/2024\\\/09\\\/Amiti_CMYK.png\",\"contentUrl\":\"https:\\\/\\\/amiti.org.mx\\\/wp-content\\\/uploads\\\/2024\\\/09\\\/Amiti_CMYK.png\",\"width\":1161,\"height\":458,\"caption\":\"AMITI\"},\"image\":{\"@id\":\"https:\\\/\\\/amiti.org.mx\\\/#\\\/schema\\\/logo\\\/image\\\/\"},\"sameAs\":[\"https:\\\/\\\/www.facebook.com\\\/AMITIMex\\\/?locale=es_LA\",\"https:\\\/\\\/x.com\\\/AMITI_Mex\",\"https:\\\/\\\/www.instagram.com\\\/amiti_mex\\\/\",\"https:\\\/\\\/www.linkedin.com\\\/company\\\/amiti-mex\\\/\",\"https:\\\/\\\/www.youtube.com\\\/channel\\\/UCaBdZB-k6j-lCH-eTCbLGJw\"]}]}<\/script>\n<!-- \/ Yoast SEO plugin. -->","yoast_head_json":{"title":"Aviso de Privacidad - AMITI","robots":{"index":"index","follow":"follow","max-snippet":"max-snippet:-1","max-image-preview":"max-image-preview:large","max-video-preview":"max-video-preview:-1"},"canonical":"https:\/\/amiti.org.mx\/en\/aviso-de-privacidad\/","og_locale":"en_US","og_type":"article","og_title":"Aviso de Privacidad - AMITI","og_description":"Aviso de Privacidad \u00daltima actualizaci\u00f3n: 21 de Enero de 2025 La Asociaci\u00f3n Mexicana de la Industria de Tecnolog\u00edas de Informaci\u00f3n, A.C. (AMITI) con domicilio en Paseo de la Reforma 284 , Piso 17, OF 01, Col. Ju\u00e1rez, Alcald\u00eda Cuauht\u00e9moc, Ciudad de M\u00e9xico, C.P. 06600, (en adelante \u201cAMITI\u201d), reconoce la importancia que tiene el tratamiento leg\u00edtimo, [&hellip;]","og_url":"https:\/\/amiti.org.mx\/en\/aviso-de-privacidad\/","og_site_name":"AMITI","article_publisher":"https:\/\/www.facebook.com\/AMITIMex\/?locale=es_LA","article_modified_time":"2025-01-21T22:08:36+00:00","twitter_card":"summary_large_image","twitter_site":"@AMITI_Mex","twitter_misc":{"Est. reading time":"7 minutes"},"schema":{"@context":"https:\/\/schema.org","@graph":[{"@type":"WebPage","@id":"https:\/\/amiti.org.mx\/aviso-de-privacidad\/","url":"https:\/\/amiti.org.mx\/aviso-de-privacidad\/","name":"Aviso de Privacidad - AMITI","isPartOf":{"@id":"https:\/\/amiti.org.mx\/#website"},"datePublished":"2022-05-05T20:33:19+00:00","dateModified":"2025-01-21T22:08:36+00:00","breadcrumb":{"@id":"https:\/\/amiti.org.mx\/aviso-de-privacidad\/#breadcrumb"},"inLanguage":"en-US","potentialAction":[{"@type":"ReadAction","target":["https:\/\/amiti.org.mx\/aviso-de-privacidad\/"]}]},{"@type":"BreadcrumbList","@id":"https:\/\/amiti.org.mx\/aviso-de-privacidad\/#breadcrumb","itemListElement":[{"@type":"ListItem","position":1,"name":"Portada","item":"https:\/\/amiti.org.mx\/"},{"@type":"ListItem","position":2,"name":"Aviso de Privacidad"}]},{"@type":"WebSite","@id":"https:\/\/amiti.org.mx\/#website","url":"https:\/\/amiti.org.mx\/","name":"AMITI","description":"Mejores empresas TI para M\u00e9xico","publisher":{"@id":"https:\/\/amiti.org.mx\/#organization"},"potentialAction":[{"@type":"SearchAction","target":{"@type":"EntryPoint","urlTemplate":"https:\/\/amiti.org.mx\/?s={search_term_string}"},"query-input":{"@type":"PropertyValueSpecification","valueRequired":true,"valueName":"search_term_string"}}],"inLanguage":"en-US"},{"@type":"Organization","@id":"https:\/\/amiti.org.mx\/#organization","name":"AMITI","url":"https:\/\/amiti.org.mx\/","logo":{"@type":"ImageObject","inLanguage":"en-US","@id":"https:\/\/amiti.org.mx\/#\/schema\/logo\/image\/","url":"https:\/\/amiti.org.mx\/wp-content\/uploads\/2024\/09\/Amiti_CMYK.png","contentUrl":"https:\/\/amiti.org.mx\/wp-content\/uploads\/2024\/09\/Amiti_CMYK.png","width":1161,"height":458,"caption":"AMITI"},"image":{"@id":"https:\/\/amiti.org.mx\/#\/schema\/logo\/image\/"},"sameAs":["https:\/\/www.facebook.com\/AMITIMex\/?locale=es_LA","https:\/\/x.com\/AMITI_Mex","https:\/\/www.instagram.com\/amiti_mex\/","https:\/\/www.linkedin.com\/company\/amiti-mex\/","https:\/\/www.youtube.com\/channel\/UCaBdZB-k6j-lCH-eTCbLGJw"]}]}},"publishpress_future_action":{"enabled":false,"date":"2026-04-21 13:00:09","action":"change-status","newStatus":"draft","terms":[],"taxonomy":"","extraData":[]},"publishpress_future_workflow_manual_trigger":{"enabledWorkflows":[]},"_links":{"self":[{"href":"https:\/\/amiti.org.mx\/en\/wp-json\/wp\/v2\/pages\/3120","targetHints":{"allow":["GET"]}}],"collection":[{"href":"https:\/\/amiti.org.mx\/en\/wp-json\/wp\/v2\/pages"}],"about":[{"href":"https:\/\/amiti.org.mx\/en\/wp-json\/wp\/v2\/types\/page"}],"author":[{"embeddable":true,"href":"https:\/\/amiti.org.mx\/en\/wp-json\/wp\/v2\/users\/2"}],"replies":[{"embeddable":true,"href":"https:\/\/amiti.org.mx\/en\/wp-json\/wp\/v2\/comments?post=3120"}],"version-history":[{"count":2,"href":"https:\/\/amiti.org.mx\/en\/wp-json\/wp\/v2\/pages\/3120\/revisions"}],"predecessor-version":[{"id":11898,"href":"https:\/\/amiti.org.mx\/en\/wp-json\/wp\/v2\/pages\/3120\/revisions\/11898"}],"wp:attachment":[{"href":"https:\/\/amiti.org.mx\/en\/wp-json\/wp\/v2\/media?parent=3120"}],"curies":[{"name":"wp","href":"https:\/\/api.w.org\/{rel}","templated":true}]}}